{"id":141628,"date":"2024-09-09T12:05:24","date_gmt":"2024-09-09T12:05:24","guid":{"rendered":"https:\/\/www.thepinkloop.com\/?page_id=141628"},"modified":"2026-02-05T12:52:11","modified_gmt":"2026-02-05T12:52:11","slug":"cookies","status":"publish","type":"page","link":"https:\/\/www.thepinkloop.com\/es\/cookies\/","title":{"rendered":"Cookies"},"content":{"rendered":"<div class=\"wpb-content-wrapper\"><div data-parent=\"true\" class=\"vc_row has-bg need-focus style-tpl-paleorange-bg row-container\" id=\"row-unique-1\"><div class=\"row col-double-gutter double-top-padding double-bottom-padding single-h-padding limit-width row-parent\"><div class=\"wpb_row row-inner\"><div class=\"wpb_column pos-top pos-center align_left column_parent col-lg-4 col-sm-100 half-internal-gutter\"><div class=\"uncol style-light animate_when_almost_visible alpha-anim\"  data-speed=\"1400\"><div class=\"uncoltable\"><div class=\"uncell no-block-padding\" ><div class=\"uncont\" ><div class=\"vc_custom_heading_wrap\"><div class=\"heading-text el-text\" ><h6 class=\"h6 text-color-xsdn-color badge-style unradius-sm style-accent-bg text-uppercase\" ><span>ACTUALIZADO FEBRERO 26<\/span><\/h6><\/div><div class=\"clear\"><\/div><\/div><div class=\"vc_custom_heading_wrap\"><div class=\"heading-text el-text\" ><h1 class=\"h2\" ><span>cookies<\/span><\/h1><\/div><div class=\"clear\"><\/div><\/div><div class=\"uncode_text_column\" ><p>Una cookie es un peque\u00f1o archivo que el servidor de este sitio web env\u00eda al navegador del terminal (ordenador, smartphone, tableta, etc.) desde el que te conectas, con la finalidad de almacenar informaci\u00f3n sobre la navegaci\u00f3n que realizas desde dicho terminal, que podr\u00e1, en su caso, ser recuperada con posterioridad.<\/p>\n<\/div><\/div><\/div><\/div><\/div><\/div><div class=\"wpb_column pos-top pos-center align_left column_parent col-lg-4 col-sm-100 col-sm-clear double-internal-gutter\"><div class=\"uncol style-light animate_when_almost_visible alpha-anim\"  data-speed=\"1400\"><div class=\"uncoltable\"><div class=\"uncell no-block-padding\" ><div class=\"uncont\" ><div class=\"vc_row row-internal row-container\"><div class=\"row row-child\"><div class=\"wpb_row row-inner\"><div class=\"wpb_column pos-top pos-center align_left column_child col-lg-3 col-md-25 col-sm-100 single-internal-gutter\"><div class=\"uncol style-light\" ><div class=\"uncoltable\"><div class=\"uncell no-block-padding\" ><div class=\"uncont\" ><div class=\"uncode-single-media  text-center\"><div class=\"single-wrapper\" style=\"max-width: 100px;\"><div class=\"tmb tmb-light  img-circle tmb-img-ratio tmb-media-first tmb-media-last tmb-content-overlay tmb-no-bg\"><div class=\"t-inside\"><div class=\"t-entry-visual\"><div class=\"t-entry-visual-tc\"><div class=\"uncode-single-media-wrapper img-circle\"><div class=\"dummy\" style=\"padding-top: 100%;\"><\/div><img decoding=\"async\" class=\"wp-image-86\" src=\"https:\/\/www.thepinkloop.com\/wp-content\/uploads\/2024\/06\/fave.png\" width=\"850\" height=\"850\" alt=\"the pink loop - modern and fun crochet and knitting\" srcset=\"https:\/\/www.thepinkloop.com\/wp-content\/uploads\/2024\/06\/fave.png 850w, https:\/\/www.thepinkloop.com\/wp-content\/uploads\/2024\/06\/fave-uai-720x720.png 720w\" sizes=\"(max-width: 850px) 100vw, 850px\" \/><\/div>\n\t\t\t\t\t<\/div>\n\t\t\t\t<\/div><\/div><\/div><\/div><\/div><\/div><\/div><\/div><\/div><\/div><div class=\"wpb_column pos-top pos-center align_left align_center_mobile column_child col-lg-9 col-md-75 col-sm-100 col-sm-clear half-internal-gutter\"><div class=\"uncol style-light\" ><div class=\"uncoltable\"><div class=\"uncell no-block-padding\" ><div class=\"uncont\" ><div class=\"empty-space empty-quart tablet-hidden mobile-hidden\" ><span class=\"empty-space-inner\"><\/span><\/div>\n<div class=\"vc_custom_heading_wrap heading-inline\"><div class=\"heading-text el-text\" ><h6 class=\"h4\" ><span>nuestra pol\u00edtica<\/span><\/h6><\/div><div class=\"clear\"><\/div><\/div><div class=\"uncode_text_column text-lead\" ><p>Nuestra pol\u00edtica de cookies complementa la <a href=\"https:\/\/www.thepinkloop.com\/es\/privacy-policy\/\" target=\"_blank\" rel=\"noopener\">pol\u00edtica de privacidad<\/a> de <strong>the pink loop<\/strong><\/p>\n<\/div><\/div><\/div><\/div><\/div><\/div><\/div><\/div><\/div><\/div><\/div><\/div><\/div><\/div><div class=\"wpb_column pos-top pos-center align_left column_parent col-lg-4 col-sm-100 col-sm-clear double-internal-gutter\"><div class=\"uncol style-light animate_when_almost_visible alpha-anim\"  data-speed=\"1400\"><div class=\"uncoltable\"><div class=\"uncell no-block-padding\" ><div class=\"uncont\" ><div class=\"vc_row row-internal row-container\"><div class=\"row row-child\"><div class=\"wpb_row row-inner\"><div class=\"wpb_column pos-top pos-center align_left column_child col-lg-3 col-md-25 col-sm-100 single-internal-gutter\"><div class=\"uncol style-light\" ><div class=\"uncoltable\"><div class=\"uncell no-block-padding\" ><div class=\"uncont\" ><div class=\"uncode-single-media  text-center\"><div class=\"single-wrapper\" style=\"max-width: 100px;\"><div class=\"tmb tmb-light  img-circle tmb-img-ratio tmb-media-first tmb-media-last tmb-content-overlay tmb-no-bg\"><div class=\"t-inside\"><div class=\"t-entry-visual\"><div class=\"t-entry-visual-tc\"><div class=\"uncode-single-media-wrapper img-circle\"><div class=\"dummy\" style=\"padding-top: 100%;\"><\/div><img decoding=\"async\" class=\"wp-image-86\" src=\"https:\/\/www.thepinkloop.com\/wp-content\/uploads\/2024\/06\/fave.png\" width=\"850\" height=\"850\" alt=\"the pink loop - modern and fun crochet and knitting\" srcset=\"https:\/\/www.thepinkloop.com\/wp-content\/uploads\/2024\/06\/fave.png 850w, https:\/\/www.thepinkloop.com\/wp-content\/uploads\/2024\/06\/fave-uai-720x720.png 720w\" sizes=\"(max-width: 850px) 100vw, 850px\" \/><\/div>\n\t\t\t\t\t<\/div>\n\t\t\t\t<\/div><\/div><\/div><\/div><\/div><\/div><\/div><\/div><\/div><\/div><div class=\"wpb_column pos-top pos-center align_left align_center_mobile column_child col-lg-9 col-md-75 col-sm-100 col-sm-clear half-internal-gutter\"><div class=\"uncol style-light\" ><div class=\"uncoltable\"><div class=\"uncell no-block-padding\" ><div class=\"uncont\" ><div class=\"empty-space empty-quart tablet-hidden mobile-hidden\" ><span class=\"empty-space-inner\"><\/span><\/div>\n<div class=\"vc_custom_heading_wrap heading-inline\"><div class=\"heading-text el-text\" ><h6 class=\"h4\" ><span>cookies que usamos<\/span><\/h6><\/div><div class=\"clear\"><\/div><\/div><div class=\"uncode_text_column text-lead\" ><p>M\u00e1s abajo encontrar\u00e1s, en detalle, las cookies que usamos en nuestra web.<\/p>\n<\/div><\/div><\/div><\/div><\/div><\/div><\/div><\/div><\/div><\/div><\/div><\/div><\/div><\/div><script id=\"script-row-unique-1\" data-row=\"script-row-unique-1\" type=\"text\/javascript\" class=\"vc_controls\">UNCODE.initRow(document.getElementById(\"row-unique-1\"));<\/script><\/div><\/div><\/div><div data-parent=\"true\" class=\"vc_row vc_custom_1725884310553 border-tpl-orange-color row-container\" style=\"border-style: solid;border-top-width: 1px ;\" id=\"row-unique-2\"><div class=\"row limit-width row-parent\"><div class=\"wpb_row row-inner\"><div class=\"wpb_column pos-top pos-center align_left column_parent col-lg-12 single-internal-gutter\"><div class=\"uncol style-light\"  ><div class=\"uncoltable\"><div class=\"uncell no-block-padding\" ><div class=\"uncont\" ><div class=\"uncode_text_column text-justify\" ><p><strong>Responsable del tratamiento:<\/strong> Grupo Adlibweb, S.L.<\/p>\n<p><strong>Direcci\u00f3n del responsable:<\/strong> Calle Sol Naciente 2 \u2013 03016 Alicante, Spain<\/p>\n<p><strong>Finalidad:<\/strong> Sus datos ser\u00e1n usados para poder atender sus solicitudes y prestarle nuestros servicios.<\/p>\n<p><strong>Publicidad:<\/strong> Solo le enviaremos publicidad con su autorizaci\u00f3n previa, que podr\u00e1 facilitarnos mediante la casilla correspondiente establecida al efecto.<\/p>\n<p><strong>Legitimaci\u00f3n:<\/strong> \u00danicamente trataremos sus datos con su consentimiento previo, que podr\u00e1 facilitarnos mediante la casilla correspondiente establecida al efecto.<\/p>\n<p><strong>Destinatarios:<\/strong> Con car\u00e1cter general, s\u00f3lo el personal de nuestra entidad que est\u00e9 debidamente autorizado podr\u00e1 tener conocimiento de la informaci\u00f3n que le pedimos.<\/p>\n<p><strong>Derechos:<\/strong> Tiene derecho a saber qu\u00e9 informaci\u00f3n tenemos sobre usted, corregirla y eliminarla, tal y como se explica en la informaci\u00f3n adicional disponible en nuestra p\u00e1gina web.<\/p>\n<\/div><\/div><\/div><\/div><\/div><\/div><script id=\"script-row-unique-2\" data-row=\"script-row-unique-2\" type=\"text\/javascript\" class=\"vc_controls\">UNCODE.initRow(document.getElementById(\"row-unique-2\"));<\/script><\/div><\/div><\/div>\n<\/div>","protected":false},"excerpt":{"rendered":"ACTUALIZADO FEBRERO 26cookiesUna cookie es un peque\u00f1o archivo que el servidor de este sitio web env\u00eda al navegador del terminal [...]","protected":false},"author":2,"featured_media":88,"parent":0,"menu_order":0,"comment_status":"closed","ping_status":"closed","template":"","meta":{"footnotes":""},"class_list":["post-141628","page","type-page","status-publish","has-post-thumbnail","hentry"],"_links":{"self":[{"href":"https:\/\/www.thepinkloop.com\/es\/wp-json\/wp\/v2\/pages\/141628","targetHints":{"allow":["GET"]}}],"collection":[{"href":"https:\/\/www.thepinkloop.com\/es\/wp-json\/wp\/v2\/pages"}],"about":[{"href":"https:\/\/www.thepinkloop.com\/es\/wp-json\/wp\/v2\/types\/page"}],"author":[{"embeddable":true,"href":"https:\/\/www.thepinkloop.com\/es\/wp-json\/wp\/v2\/users\/2"}],"replies":[{"embeddable":true,"href":"https:\/\/www.thepinkloop.com\/es\/wp-json\/wp\/v2\/comments?post=141628"}],"version-history":[{"count":13,"href":"https:\/\/www.thepinkloop.com\/es\/wp-json\/wp\/v2\/pages\/141628\/revisions"}],"predecessor-version":[{"id":141917,"href":"https:\/\/www.thepinkloop.com\/es\/wp-json\/wp\/v2\/pages\/141628\/revisions\/141917"}],"wp:featuredmedia":[{"embeddable":true,"href":"https:\/\/www.thepinkloop.com\/es\/wp-json\/wp\/v2\/media\/88"}],"wp:attachment":[{"href":"https:\/\/www.thepinkloop.com\/es\/wp-json\/wp\/v2\/media?parent=141628"}],"curies":[{"name":"wp","href":"https:\/\/api.w.org\/{rel}","templated":true}]}}